{"id":407,"date":"2019-11-11T08:33:51","date_gmt":"2019-11-11T08:33:51","guid":{"rendered":"https:\/\/hamacagrande.com\/services-v-1\/"},"modified":"2026-04-24T15:50:02","modified_gmt":"2026-04-24T15:50:02","slug":"proyectos","status":"publish","type":"page","link":"https:\/\/hamacagrande.com\/en\/proyectos\/","title":{"rendered":"Projects"},"content":{"rendered":"<div data-elementor-type=\"wp-page\" data-elementor-id=\"407\" class=\"elementor elementor-407\">\n\t\t\t\t        <section class=\"elementor-section elementor-top-section elementor-element elementor-element-f019bad elementor-section-content-middle elementor-section-boxed elementor-section-height-default elementor-section-height-default ct-header-fixed-none ct-row-max-none\" data-id=\"f019bad\" data-element_type=\"section\" data-e-type=\"section\">\n            \n                        <div class=\"elementor-container elementor-column-gap-extended\">\n                    <div class=\"elementor-column elementor-col-50 elementor-top-column elementor-element elementor-element-5ce29c2\" data-id=\"5ce29c2\" data-element_type=\"column\" data-e-type=\"column\">\n        <div class=\"elementor-widget-wrap elementor-element-populated\">\n                    \n        \t\t<div class=\"elementor-element elementor-element-d3b6aca elementor-widget elementor-widget-ct_heading\" data-id=\"d3b6aca\" data-element_type=\"widget\" data-e-type=\"widget\" data-widget_type=\"ct_heading.default\">\n\t\t\t\t<div class=\"elementor-widget-container\">\n\t\t\t\t\t<div id=\"ct_heading-d3b6aca\" class=\"ct-heading h-align- sub-style1 ct-heading-left item-st-default\">\r\n\t<div class=\"ct-item--inner\">\r\n        <div class=\"ct-inline-css\"  data-css=\"            \">\r\n        <\/div>\r\n            \t\t<div class=\"item--sub-title style1 show-line\">\r\n                                                Projects                                                            <\/div>\r\n    \t        <h3 class=\"item--title st-default case-animate-time\" data-wow-delay=\"ms\">\r\n                        <span class=\"sp-main\">\r\n                \r\n                Queremos mostrarte la oferta de proyectos\r\n                \r\n                            <\/span>\r\n                    <\/h3>\r\n    <\/div>\r\n<\/div>\t\t\t\t<\/div>\n\t\t\t\t<\/div>\n\t\t            <\/div>\n        <\/div>\n                <div class=\"elementor-column elementor-col-50 elementor-top-column elementor-element elementor-element-877c444\" data-id=\"877c444\" data-element_type=\"column\" data-e-type=\"column\">\n        <div class=\"elementor-widget-wrap elementor-element-populated\">\n                    \n        \t\t<div class=\"elementor-element elementor-element-8a619a7 elementor-widget elementor-widget-text-editor\" data-id=\"8a619a7\" data-element_type=\"widget\" data-e-type=\"widget\" data-widget_type=\"text-editor.default\">\n\t\t\t\t<div class=\"elementor-widget-container\">\n\t\t\t\t\t\t\t\t\t<p>Estas a un paso de iniciar tu sue\u00f1o, con nuestros proyectos de caba\u00f1as de lujo, conocelos a continuaci\u00f3n<\/p>\t\t\t\t\t\t\t\t<\/div>\n\t\t\t\t<\/div>\n\t\t            <\/div>\n        <\/div>\n                    <\/div>\n        <\/section>\n                <section class=\"elementor-section elementor-top-section elementor-element elementor-element-7d640f1 elementor-section-boxed elementor-section-height-default elementor-section-height-default ct-header-fixed-none ct-row-max-none\" data-id=\"7d640f1\" data-element_type=\"section\" data-e-type=\"section\">\n            \n                        <div class=\"elementor-container elementor-column-gap-extended\">\n                    <div class=\"elementor-column elementor-col-100 elementor-top-column elementor-element elementor-element-1e2ce89\" data-id=\"1e2ce89\" data-element_type=\"column\" data-e-type=\"column\">\n        <div class=\"elementor-widget-wrap elementor-element-populated\">\n                    \n        \t\t<div class=\"elementor-element elementor-element-16d5b63 elementor-widget elementor-widget-ct_service_grid\" data-id=\"16d5b63\" data-element_type=\"widget\" data-e-type=\"widget\" data-widget_type=\"ct_service_grid.default\">\n\t\t\t\t<div class=\"elementor-widget-container\">\n\t\t\t\t\t\r\n<div id=\"ct_service_grid-16d5b63\" class=\"ct-grid ct-service-grid9\" data-layout=\"masonry\" data-start-page=\"1\" data-max-pages=\"1\" data-total=\"5\" data-perpage=\"6\" data-next-link=\"\">\r\n    <div class=\"ct-grid-overlay\"><\/div>\r\n    \r\n    <div class=\"ct-grid-inner ct-grid-masonry row animate-time\" data-gutter=\"15\">\r\n                        <div class=\"grid-item col-xl-4 col-lg-4 col-md-6 col-sm-6 col-12 hamaca-grande\">\r\n                    <div class=\"grid-item-inner wow fadeIn\">\r\n                                                    <div class=\"item--featured\">\r\n                                <a href=\"https:\/\/hamacagrande.com\/en\/service\/ecohotel\/\"><img fetchpriority=\"high\" decoding=\"async\" class=\"disable-lazy no-lazyload\" src=\"https:\/\/hamacagrande.com\/wp-content\/uploads\/2020\/02\/36822A28-FF78-40BC-B8BB-440955A3DB7C-600x348.png\" width=\"600\" height=\"348\" alt=\"36822A28-FF78-40BC-B8BB-440955A3DB7C\" title=\"36822A28-FF78-40BC-B8BB-440955A3DB7C\" \/><\/a>\r\n                            <\/div>\r\n                                                <div class=\"item--meta\">\r\n                                                            <h3 class=\"item--title\"><a href=\"https:\/\/hamacagrande.com\/en\/service\/ecohotel\/\">EcoHotel<\/a><\/h3>\r\n                                                                                        <div class=\"item--desc\">\r\n                                    Hamaca Grande Ecohotel nace de la inspiraci\u00f3n en el territorio costero de San Bernardo del Viento, donde el mangle, el r\u00edo y el mar construyen&hellip;                                <\/div>\r\n                                                                                        <div class=\"entry-readmore\">\r\n                                    <a class=\"btn-arrow\" href=\"https:\/\/hamacagrande.com\/en\/service\/ecohotel\/\">\r\n                                        <span>\r\n                                            Conoce M\u00e1s                                        <\/span>\r\n                                        <i class=\"fac fac-arrow-right\"><\/i>\r\n                                    <\/a>\r\n                                <\/div>\r\n                                                    <\/div> \r\n                    <\/div>\r\n                <\/div>\r\n                            <div class=\"grid-item col-xl-4 col-lg-4 col-md-6 col-sm-6 col-12 hamaca-grande\">\r\n                    <div class=\"grid-item-inner wow fadeIn\">\r\n                                                    <div class=\"item--featured\">\r\n                                <a href=\"https:\/\/hamacagrande.com\/en\/service\/lotes\/\"><img decoding=\"async\" class=\"disable-lazy no-lazyload\" src=\"https:\/\/hamacagrande.com\/wp-content\/uploads\/2020\/03\/02.-banner-LOTE_Mesa-de-trabajo-1-600x348.jpg\" width=\"600\" height=\"348\" alt=\"02. banner LOTE_Mesa de trabajo 1\" title=\"02. banner LOTE_Mesa de trabajo 1\" \/><\/a>\r\n                            <\/div>\r\n                                                <div class=\"item--meta\">\r\n                                                            <h3 class=\"item--title\"><a href=\"https:\/\/hamacagrande.com\/en\/service\/lotes\/\">Lotes Premium<\/a><\/h3>\r\n                                                                                        <div class=\"item--desc\">\r\n                                    Ubicada en un entorno costero paradis\u00edaco, nuestros lotes de playa ofrece un refugio perfecto para la relajaci\u00f3n y el confort                                <\/div>\r\n                                                                                        <div class=\"entry-readmore\">\r\n                                    <a class=\"btn-arrow\" href=\"https:\/\/hamacagrande.com\/en\/service\/lotes\/\">\r\n                                        <span>\r\n                                            Conoce M\u00e1s                                        <\/span>\r\n                                        <i class=\"fac fac-arrow-right\"><\/i>\r\n                                    <\/a>\r\n                                <\/div>\r\n                                                    <\/div> \r\n                    <\/div>\r\n                <\/div>\r\n                            <div class=\"grid-item col-xl-4 col-lg-4 col-md-6 col-sm-6 col-12 hamaca-grande\">\r\n                    <div class=\"grid-item-inner wow fadeIn\">\r\n                                                    <div class=\"item--featured\">\r\n                                <a href=\"https:\/\/hamacagrande.com\/en\/service\/cabana-aire\/\"><img decoding=\"async\" class=\"disable-lazy no-lazyload\" src=\"https:\/\/hamacagrande.com\/wp-content\/uploads\/2020\/03\/C52C9CDD-D8C2-4BC6-8170-B47632950F6C-600x348.png\" width=\"600\" height=\"348\" alt=\"C52C9CDD-D8C2-4BC6-8170-B47632950F6C\" title=\"C52C9CDD-D8C2-4BC6-8170-B47632950F6C\" \/><\/a>\r\n                            <\/div>\r\n                                                <div class=\"item--meta\">\r\n                                                            <h3 class=\"item--title\"><a href=\"https:\/\/hamacagrande.com\/en\/service\/cabana-aire\/\">Caba\u00f1a Aire<\/a><\/h3>\r\n                                                                                        <div class=\"item--desc\">\r\n                                    Hermosa caba\u00f1a de 2 pisos y 150 mt2                                <\/div>\r\n                                                                                        <div class=\"entry-readmore\">\r\n                                    <a class=\"btn-arrow\" href=\"https:\/\/hamacagrande.com\/en\/service\/cabana-aire\/\">\r\n                                        <span>\r\n                                            Conoce M\u00e1s                                        <\/span>\r\n                                        <i class=\"fac fac-arrow-right\"><\/i>\r\n                                    <\/a>\r\n                                <\/div>\r\n                                                    <\/div> \r\n                    <\/div>\r\n                <\/div>\r\n                            <div class=\"grid-item col-xl-4 col-lg-4 col-md-6 col-sm-6 col-12 hamaca-grande\">\r\n                    <div class=\"grid-item-inner wow fadeIn\">\r\n                                                    <div class=\"item--featured\">\r\n                                <a href=\"https:\/\/hamacagrande.com\/en\/service\/cabana-agua\/\"><img loading=\"lazy\" decoding=\"async\" class=\"disable-lazy no-lazyload\" src=\"https:\/\/hamacagrande.com\/wp-content\/uploads\/2020\/03\/EFDB8549-0ABF-4185-B6DF-3CA5BB67899F-1-600x348.png\" width=\"600\" height=\"348\" alt=\"EFDB8549-0ABF-4185-B6DF-3CA5BB67899F\" title=\"EFDB8549-0ABF-4185-B6DF-3CA5BB67899F\" \/><\/a>\r\n                            <\/div>\r\n                                                <div class=\"item--meta\">\r\n                                                            <h3 class=\"item--title\"><a href=\"https:\/\/hamacagrande.com\/en\/service\/cabana-agua\/\">Caba\u00f1a Agua<\/a><\/h3>\r\n                                                                                        <div class=\"item--desc\">\r\n                                    Hermosa caba\u00f1a de 1 piso con 90 mt2                                <\/div>\r\n                                                                                        <div class=\"entry-readmore\">\r\n                                    <a class=\"btn-arrow\" href=\"https:\/\/hamacagrande.com\/en\/service\/cabana-agua\/\">\r\n                                        <span>\r\n                                            Conoce M\u00e1s                                        <\/span>\r\n                                        <i class=\"fac fac-arrow-right\"><\/i>\r\n                                    <\/a>\r\n                                <\/div>\r\n                                                    <\/div> \r\n                    <\/div>\r\n                <\/div>\r\n                            <div class=\"grid-item col-xl-4 col-lg-4 col-md-6 col-sm-6 col-12 hamaca-grande\">\r\n                    <div class=\"grid-item-inner wow fadeIn\">\r\n                                                    <div class=\"item--featured\">\r\n                                <a href=\"https:\/\/hamacagrande.com\/en\/service\/cabana-tierra\/\"><img loading=\"lazy\" decoding=\"async\" class=\"disable-lazy no-lazyload\" src=\"https:\/\/hamacagrande.com\/wp-content\/uploads\/2020\/03\/1FDAE194-7B80-4AAB-8428-78812067F3EB-600x348.png\" width=\"600\" height=\"348\" alt=\"1FDAE194-7B80-4AAB-8428-78812067F3EB\" title=\"1FDAE194-7B80-4AAB-8428-78812067F3EB\" \/><\/a>\r\n                            <\/div>\r\n                                                <div class=\"item--meta\">\r\n                                                            <h3 class=\"item--title\"><a href=\"https:\/\/hamacagrande.com\/en\/service\/cabana-tierra\/\">Caba\u00f1a Tierra<\/a><\/h3>\r\n                                                                                        <div class=\"item--desc\">\r\n                                    Hermosa Caba\u00f1a de 1 piso con 63 mt2                                <\/div>\r\n                                                                                        <div class=\"entry-readmore\">\r\n                                    <a class=\"btn-arrow\" href=\"https:\/\/hamacagrande.com\/en\/service\/cabana-tierra\/\">\r\n                                        <span>\r\n                                            Conoce M\u00e1s                                        <\/span>\r\n                                        <i class=\"fac fac-arrow-right\"><\/i>\r\n                                    <\/a>\r\n                                <\/div>\r\n                                                    <\/div> \r\n                    <\/div>\r\n                <\/div>\r\n                                <div class=\"grid-sizer col-xl-4 col-lg-4 col-md-6 col-sm-6 col-12\"><\/div>\r\n            <\/div>\r\n        <\/div>\t\t\t\t<\/div>\n\t\t\t\t<\/div>\n\t\t            <\/div>\n        <\/div>\n                    <\/div>\n        <\/section>\n                <section class=\"elementor-section elementor-top-section elementor-element elementor-element-2b5b5683 elementor-hidden-desktop elementor-hidden-tablet elementor-hidden-mobile elementor-section-boxed elementor-section-height-default elementor-section-height-default ct-header-fixed-none ct-row-max-none\" data-id=\"2b5b5683\" data-element_type=\"section\" data-e-type=\"section\">\n            \n                        <div class=\"elementor-container elementor-column-gap-extended\">\n                    <div class=\"elementor-column elementor-col-100 elementor-top-column elementor-element elementor-element-4106b489\" data-id=\"4106b489\" data-element_type=\"column\" data-e-type=\"column\">\n        <div class=\"elementor-widget-wrap elementor-element-populated\">\n                    \n        \t\t<div class=\"elementor-element elementor-element-5b8ee2df elementor-widget elementor-widget-ct_clients_list\" data-id=\"5b8ee2df\" data-element_type=\"widget\" data-e-type=\"widget\" data-widget_type=\"ct_clients_list.default\">\n\t\t\t\t<div class=\"elementor-widget-container\">\n\t\t\t\t\t    <div class=\"ct-client1 ct-slick-slider style1\">\r\n        <div class=\"ct-clients-list-inner\">\r\n            <div class=\"ct-slick-carousel\" data-arrows=\"\" data-dots=\"\" data-pauseonhover=\"\" data-autoplay=\"true\" data-autoplayspeed=\"8000\" data-infinite=\"true\" data-speed=\"800\" data-colxs=\"2\" data-colsm=\"3\" data-colmd=\"4\" data-collg=\"4\" data-colxl=\"4\" data-dir=\"false\" data-slidestoscroll=\"1\">\r\n                                        <div class=\"slick-slide\">\r\n                            <div class=\"client-image wow zoomIn\">\r\n                                <a href=\"#\">\r\n                                    <img decoding=\"async\" src=\"https:\/\/hamacagrande.com\/wp-content\/uploads\/2019\/11\/client-01.png\" class=\"ct-thumb-1 attachment-full\" alt=\"\" \/>                                                                    <\/a>\r\n                            <\/div>\r\n                        <\/div>\r\n                                                            <div class=\"slick-slide\">\r\n                            <div class=\"client-image wow zoomIn\">\r\n                                <a href=\"#\">\r\n                                    <img decoding=\"async\" src=\"https:\/\/hamacagrande.com\/wp-content\/uploads\/2019\/11\/client-02.png\" class=\"ct-thumb-1 attachment-full\" alt=\"\" \/>                                                                    <\/a>\r\n                            <\/div>\r\n                        <\/div>\r\n                                                            <div class=\"slick-slide\">\r\n                            <div class=\"client-image wow zoomIn\">\r\n                                <a href=\"#\">\r\n                                    <img decoding=\"async\" src=\"https:\/\/hamacagrande.com\/wp-content\/uploads\/2019\/11\/client-03.png\" class=\"ct-thumb-1 attachment-full\" alt=\"\" \/>                                                                    <\/a>\r\n                            <\/div>\r\n                        <\/div>\r\n                                                            <div class=\"slick-slide\">\r\n                            <div class=\"client-image wow zoomIn\">\r\n                                <a href=\"#\">\r\n                                    <img decoding=\"async\" src=\"https:\/\/hamacagrande.com\/wp-content\/uploads\/2019\/11\/client-04.png\" class=\"ct-thumb-1 attachment-full\" alt=\"\" \/>                                                                    <\/a>\r\n                            <\/div>\r\n                        <\/div>\r\n                                                            <div class=\"slick-slide\">\r\n                            <div class=\"client-image wow zoomIn\">\r\n                                <a href=\"#\">\r\n                                    <img decoding=\"async\" src=\"https:\/\/hamacagrande.com\/wp-content\/uploads\/2019\/12\/client-05.png\" class=\"ct-thumb-1 attachment-full\" alt=\"\" \/>                                                                    <\/a>\r\n                            <\/div>\r\n                        <\/div>\r\n                                                <\/div>\r\n        <\/div>\r\n    <\/div>\r\n\t\t\t\t<\/div>\n\t\t\t\t<\/div>\n\t\t            <\/div>\n        <\/div>\n                    <\/div>\n        <\/section>\n        \t\t<\/div>","protected":false},"excerpt":{"rendered":"<p>Proyectos Queremos mostrarte la oferta de proyectos Estas a un paso de iniciar tu sue\u00f1o, con nuestros proyectos de caba\u00f1as de lujo, conocelos a continuaci\u00f3n Caba\u00f1a 150 mt2 Hermosa caba\u00f1a de 2 pisos y 150 mt2 Conoce M\u00e1s Caba\u00f1a 90 mt2 Hermosa caba\u00f1a de 1 piso con 90 mt2 Conoce M\u00e1s Caba\u00f1a 63 mt2 Hermosa [&hellip;]<\/p>\n","protected":false},"author":1,"featured_media":0,"parent":0,"menu_order":0,"comment_status":"closed","ping_status":"closed","template":"","meta":{"_uag_custom_page_level_css":"","_monsterinsights_skip_tracking":false,"_monsterinsights_sitenote_active":false,"_monsterinsights_sitenote_note":"","_monsterinsights_sitenote_category":0,"_joinchat":[],"footnotes":""},"class_list":["post-407","page","type-page","status-publish","hentry"],"aioseo_notices":[],"uagb_featured_image_src":{"full":false,"thumbnail":false,"medium":false,"medium_large":false,"large":false,"1536x1536":false,"2048x2048":false,"trp-custom-language-flag":false,"consultio-large":false,"consultio-medium":false},"uagb_author_info":{"display_name":"picaio.videos@gmail.com","author_link":"https:\/\/hamacagrande.com\/en\/author\/picaio-videosgmail-com\/"},"uagb_comment_info":0,"uagb_excerpt":"Proyectos Queremos mostrarte la oferta de proyectos Estas a un paso de iniciar tu sue\u00f1o, con nuestros proyectos de caba\u00f1as de lujo, conocelos a continuaci\u00f3n Caba\u00f1a 150 mt2 Hermosa caba\u00f1a de 2 pisos y 150 mt2 Conoce M\u00e1s Caba\u00f1a 90 mt2 Hermosa caba\u00f1a de 1 piso con 90 mt2 Conoce M\u00e1s Caba\u00f1a 63 mt2 Hermosa&hellip;","_links":{"self":[{"href":"https:\/\/hamacagrande.com\/en\/wp-json\/wp\/v2\/pages\/407"}],"collection":[{"href":"https:\/\/hamacagrande.com\/en\/wp-json\/wp\/v2\/pages"}],"about":[{"href":"https:\/\/hamacagrande.com\/en\/wp-json\/wp\/v2\/types\/page"}],"author":[{"embeddable":true,"href":"https:\/\/hamacagrande.com\/en\/wp-json\/wp\/v2\/users\/1"}],"replies":[{"embeddable":true,"href":"https:\/\/hamacagrande.com\/en\/wp-json\/wp\/v2\/comments?post=407"}],"version-history":[{"count":18,"href":"https:\/\/hamacagrande.com\/en\/wp-json\/wp\/v2\/pages\/407\/revisions"}],"predecessor-version":[{"id":6169,"href":"https:\/\/hamacagrande.com\/en\/wp-json\/wp\/v2\/pages\/407\/revisions\/6169"}],"wp:attachment":[{"href":"https:\/\/hamacagrande.com\/en\/wp-json\/wp\/v2\/media?parent=407"}],"curies":[{"name":"wp","href":"https:\/\/api.w.org\/{rel}","templated":true}]}}